{"id":112,"date":"2019-06-02T16:58:44","date_gmt":"2019-06-02T14:58:44","guid":{"rendered":"https:\/\/outcomecalculator.org\/ci\/?page_id=112"},"modified":"2019-06-02T17:05:10","modified_gmt":"2019-06-02T15:05:10","slug":"team","status":"publish","type":"page","link":"https:\/\/outcomecalculator.org\/ci\/team\/","title":{"rendered":"Team"},"content":{"rendered":"\n<div class=\"wp-block-columns has-2-columns is-layout-flex wp-container-core-columns-is-layout-9d6595d7 wp-block-columns-is-layout-flex\">\n<div class=\"wp-block-column is-layout-flow wp-block-column-is-layout-flow\">\n<p><strong>Professor Dr. med. <\/strong><br><strong>R. Theiler<\/strong><\/p>\n\n\n\n<p>  <br>\u82cf\u9ece\u4e16\u5927\u5b66\u533b\u9662 Z\u00fcrich <\/p>\n\n\n\n<p>Rheumaklinik und Institut f\u00fcr physikalische Therapie<br>R\u00e4mistrasse 100 <br>CH-8091 Z\u00fcrich<br>Schweiz  <\/p>\n\n\n\n<figure class=\"wp-block-image\"><img loading=\"lazy\" decoding=\"async\" width=\"110\" height=\"130\" src=\"https:\/\/outcomecalculator.org\/ci\/wp-content\/uploads\/sites\/5\/2019\/03\/theiler.png\" alt=\"\" class=\"wp-image-50\"\/><\/figure>\n<\/div>\n\n\n\n<div class=\"wp-block-column is-layout-flow wp-block-column-is-layout-flow\">\n<p><strong>Professor Dr. med. <\/strong><br><strong>H. Bischoff-Ferrari<\/strong><\/p>\n\n\n\n<p>\n\n\u82cf\u9ece\u4e16\u5927\u5b66\u533b\u9662 Z\u00fcrich\n\n<\/p>\n\n\n\n<p> Rheumaklinik und Institut f\u00fcr physikalische Therapie<br>R\u00e4mistrasse 100 <br>CH-8091 Z\u00fcrich<br>Schweiz    <\/p>\n\n\n\n<figure class=\"wp-block-image\"><img loading=\"lazy\" decoding=\"async\" width=\"110\" height=\"130\" src=\"https:\/\/outcomecalculator.org\/ci\/wp-content\/uploads\/sites\/5\/2019\/03\/bischoff.png\" alt=\"\" class=\"wp-image-47\"\/><\/figure>\n<\/div>\n<\/div>\n","protected":false},"excerpt":{"rendered":"<p>Professor Dr. med. R. Theiler \u82cf\u9ece\u4e16\u5927\u5b66\u533b\u9662 Z\u00fcrich Rheumaklinik und Institut f\u00fcr physikalische TherapieR\u00e4mistrasse [&hellip;]<\/p>\n","protected":false},"author":1,"featured_media":0,"parent":0,"menu_order":0,"comment_status":"closed","ping_status":"closed","template":"","meta":{"footnotes":""},"class_list":["post-112","page","type-page","status-publish","hentry"],"_links":{"self":[{"href":"https:\/\/outcomecalculator.org\/ci\/wp-json\/wp\/v2\/pages\/112","targetHints":{"allow":["GET"]}}],"collection":[{"href":"https:\/\/outcomecalculator.org\/ci\/wp-json\/wp\/v2\/pages"}],"about":[{"href":"https:\/\/outcomecalculator.org\/ci\/wp-json\/wp\/v2\/types\/page"}],"author":[{"embeddable":true,"href":"https:\/\/outcomecalculator.org\/ci\/wp-json\/wp\/v2\/users\/1"}],"replies":[{"embeddable":true,"href":"https:\/\/outcomecalculator.org\/ci\/wp-json\/wp\/v2\/comments?post=112"}],"version-history":[{"count":9,"href":"https:\/\/outcomecalculator.org\/ci\/wp-json\/wp\/v2\/pages\/112\/revisions"}],"predecessor-version":[{"id":123,"href":"https:\/\/outcomecalculator.org\/ci\/wp-json\/wp\/v2\/pages\/112\/revisions\/123"}],"wp:attachment":[{"href":"https:\/\/outcomecalculator.org\/ci\/wp-json\/wp\/v2\/media?parent=112"}],"curies":[{"name":"wp","href":"https:\/\/api.w.org\/{rel}","templated":true}]}}